{"id":2021,"date":"2023-08-25T12:17:16","date_gmt":"2023-08-25T12:17:16","guid":{"rendered":"https:\/\/4pfotenimglueck.de\/?page_id=2021"},"modified":"2024-08-31T10:03:17","modified_gmt":"2024-08-31T10:03:17","slug":"pawtnerseiten","status":"publish","type":"page","link":"https:\/\/4pfotenimglueck.de\/index.php\/pawtnerseiten\/","title":{"rendered":"Pawtnerseiten"},"content":{"rendered":"\n<h2 class=\"wp-block-novablocks-headline c-headline has-text-align-center\"><span class=\"c-headline__secondary\">Pawtnerseiten<\/span> <span class=\"c-headline__primary\"><\/span><\/h2>\n\n\n\n<p><a href=\"https:\/\/www.tierischesgespuer.de\"><img decoding=\"async\" src=\"https:\/\/4pfotenimglueck.de\/wp-content\/uploads\/2023\/08\/Tierisches-Gespuer-LM7953-03032022-1024x227.jpg\" alt=\"\"><\/a>Mein Name ist Christina Bohn, ich bin zertifizierte Verhaltensberaterin f\u00fcr Hunde und Katzen sowie Hundetrainerin. Mein Ziel ist es, Hunde- und Katzenhaltern zu helfen, ihr Tier zu verstehen, Bed\u00fcrfnisse zu erkennen und durch gewaltfreies Training, basierend auf positiver Verst\u00e4rkung, zu einem gl\u00fccklichen Miteinander zu verhelfen.&nbsp;<\/p>\n\n\n\n<p><a href=\"https:\/\/www.tierischesgespuer.de\">https:\/\/www.tierischesgespuer.de<\/a><\/p>\n\n\n\t\t\t<div class=\"wp-block-separator \">\n                \n        <div class=\"c-separator\">\n            <div class=\"c-separator__arrow c-separator__arrow--left\"><\/div>\n            <div class=\"c-separator__line c-separator__line--left\"><\/div>\n            <div class=\"c-separator__symbol\">\n                <span><svg width=\"31\" height=\"20\" viewBox=\"0 0 31 20\" fill=\"none\" xmlns=\"http:\/\/www.w3.org\/2000\/svg\"><path d=\"M30.721 6.3114c0 .599-.2647 1.1494-.7941 1.651-.5155.5016-1.2679.8777-2.2571 1.1285-5.6984 1.4768-8.7774 2.2153-9.2372 2.2153-.5434 0-.815-.1394-.815-.418 0-.2229.3204-.5294.9613-.9195.2647-.1672 1.1842-.6758 2.7586-1.5257 2.9816-1.6161 4.5072-2.4381 4.5768-2.466 1.3375-.6548 2.4243-.9822 3.2602-.9822 1.031 0 1.5465.4389 1.5465 1.3166zm-4.8485-3.1766c0 .4598-.3553 1.0031-1.0658 1.63-.3901.3345-1.3654 1.059-2.9258 2.1735-2.9676 2.1178-4.6604 3.1766-5.0784 3.1766-.209 0-.3762-.1393-.5016-.418l.2508-.585c.836-.8639 1.7346-1.8531 2.696-2.9677 1.0309-1.1982 1.637-1.8948 1.8181-2.0899 1.4908-1.5743 2.7796-2.3615 3.8663-2.3615.6269 0 .9404.4807.9404 1.442zm-9.0073-.9613c0 .195-.0975.7035-.2926 1.5256l-.7523 2.8422c-.2926 1.0867-.4668 1.9854-.5225 2.6959-.0279.404-.0627.6548-.1045.7523-.0418.1394-.1393.209-.2926.209-.1532 0-.2508-.0627-.2926-.1881 0-.0139-.0278-.195-.0835-.5433-.1394-.8499-.418-2.2292-.836-4.138-.3204-1.4071-.4807-2.4103-.4807-3.0094 0-.7105.1812-1.2748.5434-1.6927.3762-.418.8638-.627 1.4629-.627.4737 0 .8638.209 1.1703.627.3205.404.4807.9195.4807 1.5465zm-3.2602 7.9414c0 .2787-.1463.418-.4389.418-.1253 0-.5782-.3065-1.3584-.9195-.9334-.7245-2.0202-1.658-3.2602-2.8004a185.9607 185.9607 0 0 1-2.4451-2.2362c-.5852-.599-.8777-1.1634-.8777-1.6928 0-.404.1462-.7593.4388-1.0658.3065-.3065.6827-.4598 1.1286-.4598.6966 0 1.3305.3135 1.9017.9404.2648.2787.8011 1.052 1.6092 2.3198 2.2014 3.4134 3.302 5.2456 3.302 5.4963zm3.9081 3.4065c0 .5155-.209.9265-.627 1.233-.3065.209-.6061.411-.8986.6061-.209.2508-.3135 1.1982-.3135 2.8422 0 .6688-.0209 1.1146-.0627 1.3375-.0697.3065-.216.4598-.4389.4598-.195 0-.3135-.3622-.3553-1.0867-.0975-1.853-.1672-2.9955-.209-3.4274-.4597-.3344-.8289-.7245-1.1076-1.1703-.2229-.3762-.3344-.6827-.3344-.9196 0-.5573.2021-1.0449.6061-1.4629.418-.4319.8917-.6478 1.4211-.6478.6688 0 1.2191.2159 1.651.6478.4458.4319.6688.9614.6688 1.5883zm-5.2874-2.2361c0 .2925-.1184.4388-.3553.4388-.2368 0-.7036-.1184-1.4002-.3552a545.5275 545.5275 0 0 0-2.5705-.8778C4.8764 9.488 2.9119 8.7565 2.0063 8.2968.6688 7.614 0 6.8478 0 5.9979c0-.8917.627-1.3375 1.8809-1.3375.5015 0 1.3862.3901 2.6541 1.1703 1.0031.627 2.6193 1.7416 4.8485 3.3438.1672.1115.8568.5852 2.069 1.4211.5155.3483.7732.5782.7732.6897z\" fill=\"currentColor\"\/><\/svg>\n<\/span>\n            <\/div>\n            <div class=\"c-separator__line c-separator__line--right\"><\/div>\n            <div class=\"c-separator__arrow c-separator__arrow--right\"><\/div>\n        <\/div>\n\t\t\t\t\t<\/div>\n\t\t\n\n<div class=\"wp-block-image\">\n<figure class=\"aligncenter size-full is-resized\"><img decoding=\"async\" loading=\"lazy\" src=\"https:\/\/4pfotenimglueck.de\/wp-content\/uploads\/2024\/02\/epp.png\" alt=\"\" class=\"wp-image-2060\" width=\"375\" height=\"244\" srcset=\"https:\/\/4pfotenimglueck.de\/wp-content\/uploads\/2024\/02\/epp.png 500w, https:\/\/4pfotenimglueck.de\/wp-content\/uploads\/2024\/02\/epp-300x195.png 300w, https:\/\/4pfotenimglueck.de\/wp-content\/uploads\/2024\/02\/epp-250x163.png 250w, https:\/\/4pfotenimglueck.de\/wp-content\/uploads\/2024\/02\/epp-480x312.png 480w\" sizes=\"(max-width: 375px) 100vw, 375px\" \/><\/figure><\/div>\n\n\n<p>Als Hundephysiotherapeutin und Hundeosteopathin liegt mir die Gesundheit meiner Patienten nat\u00fcrlich immer sehr am Herzen.<\/p>\n\n\n\n<p>In meinem Berufsalltag werde ich immer mal wieder nach Nahrungserg\u00e4nzungsmitteln gefragt, deshalb kam f\u00fcr mich nur European PET Pharmacy als Partner in Frage.<\/p>\n\n\n\n<p>Die Nummer 1 in Schweden, mit ihren 100% nat\u00fcrlichen Nahrungserg\u00e4nzungsmitteln, hat die perfekten Produkte f\u00fcr die Anforderungen meiner Patienten.<\/p>\n\n\n\n<p>F\u00fcr Ihre Erstbestellung bekommen Sie als kleines Dankesch\u00f6n 20% Rabatt &#8211; bitte nutzen Sie dazu den Code <strong>4PFOTENIMGLUECK<\/strong><\/p>\n\n\n\n<p><strong>Hier gehts direkt zum Shop: <\/strong><a href=\"https:\/\/europeanpetpharmacy.de \">https:\/\/europeanpetpharmacy.de <\/a><\/p>\n\n\n\t\t\t<div class=\"wp-block-separator \">\n                \n        <div class=\"c-separator\">\n            <div class=\"c-separator__arrow c-separator__arrow--left\"><\/div>\n            <div class=\"c-separator__line c-separator__line--left\"><\/div>\n            <div class=\"c-separator__symbol\">\n                <span><svg width=\"31\" height=\"20\" viewBox=\"0 0 31 20\" fill=\"none\" xmlns=\"http:\/\/www.w3.org\/2000\/svg\"><path d=\"M30.721 6.3114c0 .599-.2647 1.1494-.7941 1.651-.5155.5016-1.2679.8777-2.2571 1.1285-5.6984 1.4768-8.7774 2.2153-9.2372 2.2153-.5434 0-.815-.1394-.815-.418 0-.2229.3204-.5294.9613-.9195.2647-.1672 1.1842-.6758 2.7586-1.5257 2.9816-1.6161 4.5072-2.4381 4.5768-2.466 1.3375-.6548 2.4243-.9822 3.2602-.9822 1.031 0 1.5465.4389 1.5465 1.3166zm-4.8485-3.1766c0 .4598-.3553 1.0031-1.0658 1.63-.3901.3345-1.3654 1.059-2.9258 2.1735-2.9676 2.1178-4.6604 3.1766-5.0784 3.1766-.209 0-.3762-.1393-.5016-.418l.2508-.585c.836-.8639 1.7346-1.8531 2.696-2.9677 1.0309-1.1982 1.637-1.8948 1.8181-2.0899 1.4908-1.5743 2.7796-2.3615 3.8663-2.3615.6269 0 .9404.4807.9404 1.442zm-9.0073-.9613c0 .195-.0975.7035-.2926 1.5256l-.7523 2.8422c-.2926 1.0867-.4668 1.9854-.5225 2.6959-.0279.404-.0627.6548-.1045.7523-.0418.1394-.1393.209-.2926.209-.1532 0-.2508-.0627-.2926-.1881 0-.0139-.0278-.195-.0835-.5433-.1394-.8499-.418-2.2292-.836-4.138-.3204-1.4071-.4807-2.4103-.4807-3.0094 0-.7105.1812-1.2748.5434-1.6927.3762-.418.8638-.627 1.4629-.627.4737 0 .8638.209 1.1703.627.3205.404.4807.9195.4807 1.5465zm-3.2602 7.9414c0 .2787-.1463.418-.4389.418-.1253 0-.5782-.3065-1.3584-.9195-.9334-.7245-2.0202-1.658-3.2602-2.8004a185.9607 185.9607 0 0 1-2.4451-2.2362c-.5852-.599-.8777-1.1634-.8777-1.6928 0-.404.1462-.7593.4388-1.0658.3065-.3065.6827-.4598 1.1286-.4598.6966 0 1.3305.3135 1.9017.9404.2648.2787.8011 1.052 1.6092 2.3198 2.2014 3.4134 3.302 5.2456 3.302 5.4963zm3.9081 3.4065c0 .5155-.209.9265-.627 1.233-.3065.209-.6061.411-.8986.6061-.209.2508-.3135 1.1982-.3135 2.8422 0 .6688-.0209 1.1146-.0627 1.3375-.0697.3065-.216.4598-.4389.4598-.195 0-.3135-.3622-.3553-1.0867-.0975-1.853-.1672-2.9955-.209-3.4274-.4597-.3344-.8289-.7245-1.1076-1.1703-.2229-.3762-.3344-.6827-.3344-.9196 0-.5573.2021-1.0449.6061-1.4629.418-.4319.8917-.6478 1.4211-.6478.6688 0 1.2191.2159 1.651.6478.4458.4319.6688.9614.6688 1.5883zm-5.2874-2.2361c0 .2925-.1184.4388-.3553.4388-.2368 0-.7036-.1184-1.4002-.3552a545.5275 545.5275 0 0 0-2.5705-.8778C4.8764 9.488 2.9119 8.7565 2.0063 8.2968.6688 7.614 0 6.8478 0 5.9979c0-.8917.627-1.3375 1.8809-1.3375.5015 0 1.3862.3901 2.6541 1.1703 1.0031.627 2.6193 1.7416 4.8485 3.3438.1672.1115.8568.5852 2.069 1.4211.5155.3483.7732.5782.7732.6897z\" fill=\"currentColor\"\/><\/svg>\n<\/span>\n            <\/div>\n            <div class=\"c-separator__line c-separator__line--right\"><\/div>\n            <div class=\"c-separator__arrow c-separator__arrow--right\"><\/div>\n        <\/div>\n\t\t\t\t\t<\/div>\n\t\t\n\n<div class=\"wp-block-image\">\n<figure class=\"aligncenter size-full is-resized\"><img decoding=\"async\" loading=\"lazy\" src=\"https:\/\/4pfotenimglueck.de\/wp-content\/uploads\/2024\/02\/take_care.jpg\" alt=\"\" class=\"wp-image-2057\" width=\"375\" height=\"369\" srcset=\"https:\/\/4pfotenimglueck.de\/wp-content\/uploads\/2024\/02\/take_care.jpg 500w, https:\/\/4pfotenimglueck.de\/wp-content\/uploads\/2024\/02\/take_care-300x295.jpg 300w, https:\/\/4pfotenimglueck.de\/wp-content\/uploads\/2024\/02\/take_care-250x246.jpg 250w, https:\/\/4pfotenimglueck.de\/wp-content\/uploads\/2024\/02\/take_care-480x472.jpg 480w\" sizes=\"(max-width: 375px) 100vw, 375px\" \/><\/figure><\/div>\n\n\n<p>\u201etake care &#8211; Mobile Tierbetreuung ist ein mobiler Tierbetreuungsservice in Weilerbach und Umgebung. Mein Angebot umfasst die Versorgung von Katzen, Kleintieren und Pferden w\u00e4hrend Ihres Urlaubes, bei Krankheit oder zur Unterst\u00fctzung im Alltag. Daf\u00fcr bleiben Ihre Tiere im gewohnten Umfeld \u2013 bei Ihnen Zuhause. F\u00fcr Hunde wird ein Gassi-Service angeboten, der t\u00e4glich oder individuell nach Ihren W\u00fcnschen gebucht werden kann.<\/p>\n\n\n\n<p>Ich freue mich \u00fcber Ihren Besuch auf meiner Webseite <a href=\"https:\/\/www.takecare-tierbetreuung.de\">https:\/\/www.takecare-tierbetreuung.de<\/a> und Ihr Interesse an einer liebevollen und zuverl\u00e4ssigen Tierbetreuung.\u201c<\/p>\n\n\n\n<p><em>\u2013 Cornelia, take care \u2013 Mobile Tierbetreuung<\/em><\/p>\n\n\n<div class=\"wp-block-image\">\n<figure class=\"aligncenter size-full\"><img decoding=\"async\" loading=\"lazy\" width=\"703\" height=\"220\" src=\"https:\/\/4pfotenimglueck.de\/wp-content\/uploads\/2024\/08\/groomerei.png\" alt=\"\" class=\"wp-image-2115\" srcset=\"https:\/\/4pfotenimglueck.de\/wp-content\/uploads\/2024\/08\/groomerei.png 703w, https:\/\/4pfotenimglueck.de\/wp-content\/uploads\/2024\/08\/groomerei-300x94.png 300w, https:\/\/4pfotenimglueck.de\/wp-content\/uploads\/2024\/08\/groomerei-250x78.png 250w, https:\/\/4pfotenimglueck.de\/wp-content\/uploads\/2024\/08\/groomerei-480x150.png 480w\" sizes=\"(max-width: 703px) 100vw, 703px\" \/><\/figure><\/div>\n\n\n<p><a href=\"https:\/\/www.groomerei.de\/\" target=\"_blank\" rel=\"noreferrer noopener\">GROOMEREI \u2013 Tierfriseur in\/um Weilerbach.<\/a><\/p>\n\n\n\n<p>Ich bin Ansprechpartnerin rund um die Fellpflege von Hunde und Katzen, ebenso der Maulhygiene und Zahnpflege, sowie Pfotenbehandlung (Ballen+Krallen).<\/p>\n\n\n\n<p>Als kleines Spa; runden Thalasso Therapie (Meerschlamm) und Nagayu CO2 Hydrotherapie (Zellstoffwechsel) meine Dienstleitung ab.<\/p>\n","protected":false},"excerpt":{"rendered":"<p>Mein Name ist Christina Bohn, ich bin zertifizierte Verhaltensberaterin f\u00fcr Hunde und Katzen sowie Hundetrainerin. Mein Ziel ist es, Hunde- und Katzenhaltern zu helfen, ihr [&hellip;]<\/p>\n","protected":false},"author":2,"featured_media":0,"parent":0,"menu_order":0,"comment_status":"closed","ping_status":"closed","template":"","meta":{"novablocks_hero_scroll_indicator":false,"novablocks_hero_position_indicators":false},"yoast_head":"<!-- This site is optimized with the Yoast SEO plugin v20.8 - https:\/\/yoast.com\/wordpress\/plugins\/seo\/ -->\n<title>Pawtnerseiten - 4 Pfoten im Gl\u00fcck<\/title>\n<meta name=\"robots\" content=\"index, follow, max-snippet:-1, max-image-preview:large, max-video-preview:-1\" \/>\n<link rel=\"canonical\" href=\"https:\/\/4pfotenimglueck.de\/index.php\/pawtnerseiten\/\" \/>\n<meta property=\"og:locale\" content=\"de_DE\" \/>\n<meta property=\"og:type\" content=\"article\" \/>\n<meta property=\"og:title\" content=\"Pawtnerseiten - 4 Pfoten im Gl\u00fcck\" \/>\n<meta property=\"og:description\" content=\"Mein Name ist Christina Bohn, ich bin zertifizierte Verhaltensberaterin f\u00fcr Hunde und Katzen sowie Hundetrainerin. Mein Ziel ist es, Hunde- und Katzenhaltern zu helfen, ihr [&hellip;]\" \/>\n<meta property=\"og:url\" content=\"https:\/\/4pfotenimglueck.de\/index.php\/pawtnerseiten\/\" \/>\n<meta property=\"og:site_name\" content=\"4 Pfoten im Gl\u00fcck\" \/>\n<meta property=\"article:publisher\" content=\"https:\/\/www.facebook.com\/4PfotenimGlueck\" \/>\n<meta property=\"article:modified_time\" content=\"2024-08-31T10:03:17+00:00\" \/>\n<meta property=\"og:image\" content=\"https:\/\/4pfotenimglueck.de\/wp-content\/uploads\/2023\/08\/Tierisches-Gespuer-LM7953-03032022-1024x227.jpg\" \/>\n<meta name=\"twitter:card\" content=\"summary_large_image\" \/>\n<meta name=\"twitter:label1\" content=\"Gesch\u00e4tzte Lesezeit\" \/>\n\t<meta name=\"twitter:data1\" content=\"3\u00a0Minuten\" \/>\n<script type=\"application\/ld+json\" class=\"yoast-schema-graph\">{\"@context\":\"https:\/\/schema.org\",\"@graph\":[{\"@type\":\"WebPage\",\"@id\":\"https:\/\/4pfotenimglueck.de\/index.php\/pawtnerseiten\/\",\"url\":\"https:\/\/4pfotenimglueck.de\/index.php\/pawtnerseiten\/\",\"name\":\"Pawtnerseiten - 4 Pfoten im Gl\u00fcck\",\"isPartOf\":{\"@id\":\"https:\/\/4pfotenimglueck.de\/#website\"},\"datePublished\":\"2023-08-25T12:17:16+00:00\",\"dateModified\":\"2024-08-31T10:03:17+00:00\",\"breadcrumb\":{\"@id\":\"https:\/\/4pfotenimglueck.de\/index.php\/pawtnerseiten\/#breadcrumb\"},\"inLanguage\":\"de\",\"potentialAction\":[{\"@type\":\"ReadAction\",\"target\":[\"https:\/\/4pfotenimglueck.de\/index.php\/pawtnerseiten\/\"]}]},{\"@type\":\"BreadcrumbList\",\"@id\":\"https:\/\/4pfotenimglueck.de\/index.php\/pawtnerseiten\/#breadcrumb\",\"itemListElement\":[{\"@type\":\"ListItem\",\"position\":1,\"name\":\"Startseite\",\"item\":\"https:\/\/4pfotenimglueck.de\/\"},{\"@type\":\"ListItem\",\"position\":2,\"name\":\"Pawtnerseiten\"}]},{\"@type\":\"WebSite\",\"@id\":\"https:\/\/4pfotenimglueck.de\/#website\",\"url\":\"https:\/\/4pfotenimglueck.de\/\",\"name\":\"4 Pfoten im Gl\u00fcck\",\"description\":\"Mobile Hundephysiotherapie &amp; Osteopathie in und um Kaiserslautern\",\"publisher\":{\"@id\":\"https:\/\/4pfotenimglueck.de\/#organization\"},\"potentialAction\":[{\"@type\":\"SearchAction\",\"target\":{\"@type\":\"EntryPoint\",\"urlTemplate\":\"https:\/\/4pfotenimglueck.de\/?s={search_term_string}\"},\"query-input\":\"required name=search_term_string\"}],\"inLanguage\":\"de\"},{\"@type\":\"Organization\",\"@id\":\"https:\/\/4pfotenimglueck.de\/#organization\",\"name\":\"4 Pfoten im Gl\u00fcck\",\"url\":\"https:\/\/4pfotenimglueck.de\/\",\"logo\":{\"@type\":\"ImageObject\",\"inLanguage\":\"de\",\"@id\":\"https:\/\/4pfotenimglueck.de\/#\/schema\/logo\/image\/\",\"url\":\"https:\/\/4pfotenimglueck.de\/wp-content\/uploads\/2023\/05\/Logo.png\",\"contentUrl\":\"https:\/\/4pfotenimglueck.de\/wp-content\/uploads\/2023\/05\/Logo.png\",\"width\":976,\"height\":313,\"caption\":\"4 Pfoten im Gl\u00fcck\"},\"image\":{\"@id\":\"https:\/\/4pfotenimglueck.de\/#\/schema\/logo\/image\/\"},\"sameAs\":[\"https:\/\/www.facebook.com\/4PfotenimGlueck\",\"https:\/\/instagram.com\/4PfotenimGlueck\/\"]}]}<\/script>\n<!-- \/ Yoast SEO plugin. -->","yoast_head_json":{"title":"Pawtnerseiten - 4 Pfoten im Gl\u00fcck","robots":{"index":"index","follow":"follow","max-snippet":"max-snippet:-1","max-image-preview":"max-image-preview:large","max-video-preview":"max-video-preview:-1"},"canonical":"https:\/\/4pfotenimglueck.de\/index.php\/pawtnerseiten\/","og_locale":"de_DE","og_type":"article","og_title":"Pawtnerseiten - 4 Pfoten im Gl\u00fcck","og_description":"Mein Name ist Christina Bohn, ich bin zertifizierte Verhaltensberaterin f\u00fcr Hunde und Katzen sowie Hundetrainerin. Mein Ziel ist es, Hunde- und Katzenhaltern zu helfen, ihr [&hellip;]","og_url":"https:\/\/4pfotenimglueck.de\/index.php\/pawtnerseiten\/","og_site_name":"4 Pfoten im Gl\u00fcck","article_publisher":"https:\/\/www.facebook.com\/4PfotenimGlueck","article_modified_time":"2024-08-31T10:03:17+00:00","og_image":[{"url":"https:\/\/4pfotenimglueck.de\/wp-content\/uploads\/2023\/08\/Tierisches-Gespuer-LM7953-03032022-1024x227.jpg"}],"twitter_card":"summary_large_image","twitter_misc":{"Gesch\u00e4tzte Lesezeit":"3\u00a0Minuten"},"schema":{"@context":"https:\/\/schema.org","@graph":[{"@type":"WebPage","@id":"https:\/\/4pfotenimglueck.de\/index.php\/pawtnerseiten\/","url":"https:\/\/4pfotenimglueck.de\/index.php\/pawtnerseiten\/","name":"Pawtnerseiten - 4 Pfoten im Gl\u00fcck","isPartOf":{"@id":"https:\/\/4pfotenimglueck.de\/#website"},"datePublished":"2023-08-25T12:17:16+00:00","dateModified":"2024-08-31T10:03:17+00:00","breadcrumb":{"@id":"https:\/\/4pfotenimglueck.de\/index.php\/pawtnerseiten\/#breadcrumb"},"inLanguage":"de","potentialAction":[{"@type":"ReadAction","target":["https:\/\/4pfotenimglueck.de\/index.php\/pawtnerseiten\/"]}]},{"@type":"BreadcrumbList","@id":"https:\/\/4pfotenimglueck.de\/index.php\/pawtnerseiten\/#breadcrumb","itemListElement":[{"@type":"ListItem","position":1,"name":"Startseite","item":"https:\/\/4pfotenimglueck.de\/"},{"@type":"ListItem","position":2,"name":"Pawtnerseiten"}]},{"@type":"WebSite","@id":"https:\/\/4pfotenimglueck.de\/#website","url":"https:\/\/4pfotenimglueck.de\/","name":"4 Pfoten im Gl\u00fcck","description":"Mobile Hundephysiotherapie &amp; Osteopathie in und um Kaiserslautern","publisher":{"@id":"https:\/\/4pfotenimglueck.de\/#organization"},"potentialAction":[{"@type":"SearchAction","target":{"@type":"EntryPoint","urlTemplate":"https:\/\/4pfotenimglueck.de\/?s={search_term_string}"},"query-input":"required name=search_term_string"}],"inLanguage":"de"},{"@type":"Organization","@id":"https:\/\/4pfotenimglueck.de\/#organization","name":"4 Pfoten im Gl\u00fcck","url":"https:\/\/4pfotenimglueck.de\/","logo":{"@type":"ImageObject","inLanguage":"de","@id":"https:\/\/4pfotenimglueck.de\/#\/schema\/logo\/image\/","url":"https:\/\/4pfotenimglueck.de\/wp-content\/uploads\/2023\/05\/Logo.png","contentUrl":"https:\/\/4pfotenimglueck.de\/wp-content\/uploads\/2023\/05\/Logo.png","width":976,"height":313,"caption":"4 Pfoten im Gl\u00fcck"},"image":{"@id":"https:\/\/4pfotenimglueck.de\/#\/schema\/logo\/image\/"},"sameAs":["https:\/\/www.facebook.com\/4PfotenimGlueck","https:\/\/instagram.com\/4PfotenimGlueck\/"]}]}},"_links":{"self":[{"href":"https:\/\/4pfotenimglueck.de\/index.php\/wp-json\/wp\/v2\/pages\/2021"}],"collection":[{"href":"https:\/\/4pfotenimglueck.de\/index.php\/wp-json\/wp\/v2\/pages"}],"about":[{"href":"https:\/\/4pfotenimglueck.de\/index.php\/wp-json\/wp\/v2\/types\/page"}],"author":[{"embeddable":true,"href":"https:\/\/4pfotenimglueck.de\/index.php\/wp-json\/wp\/v2\/users\/2"}],"replies":[{"embeddable":true,"href":"https:\/\/4pfotenimglueck.de\/index.php\/wp-json\/wp\/v2\/comments?post=2021"}],"version-history":[{"count":11,"href":"https:\/\/4pfotenimglueck.de\/index.php\/wp-json\/wp\/v2\/pages\/2021\/revisions"}],"predecessor-version":[{"id":2117,"href":"https:\/\/4pfotenimglueck.de\/index.php\/wp-json\/wp\/v2\/pages\/2021\/revisions\/2117"}],"wp:attachment":[{"href":"https:\/\/4pfotenimglueck.de\/index.php\/wp-json\/wp\/v2\/media?parent=2021"}],"curies":[{"name":"wp","href":"https:\/\/api.w.org\/{rel}","templated":true}]}}