{"id":116,"date":"2014-05-30T14:17:08","date_gmt":"2014-05-30T14:17:08","guid":{"rendered":""},"modified":"2024-03-15T16:41:44","modified_gmt":"2024-03-15T16:41:44","slug":"contact","status":"publish","type":"page","link":"https:\/\/4pfotenimglueck.de\/index.php\/contact\/","title":{"rendered":"Kontakt"},"content":{"rendered":"\n\t\t<div \t\t\tclass=\"novablocks-hero novablocks-doppler alignfull novablocks-u-valign-center novablocks-u-halign-center novablocks-u-background novablocks-u-background-dark sm-palette-1 sm-variation-12 scrolling-effect-parallax\"\n\t\t\tstyle=\"--novablocks-block-top-spacing: 1; --novablocks-block-bottom-spacing: 0; --novablocks-emphasis-top-spacing: 0; --novablocks-emphasis-bottom-spacing: 0; --novablocks-hero-text-color: #FFF;min-height: calc(50* var(--novablocks-1vh, 1vh)); \"\n\t\t\tdata-min-height-fallback='50' data-defaults-generated='1' data-block-index='0' data-scroll-indicator='' data-position-indicators='1' data-template-inserted='' data-display-inner-content='1' data-palette='1' data-palette-variation='12' data-use-source-color-as-reference='' data-color-signal='3' data-content-color-signal='0' data-content-position='center center' data-focal-point='{&quot;x&quot;:0.5,&quot;y&quot;:0.5}' data-final-focal-point='{&quot;x&quot;:0.5,&quot;y&quot;:0.5}' data-initial-background-scale='1' data-final-background-scale='1' data-scroll-indicator-block='' data-scrolling-effect='parallax' data-motion-preset='standard-dynamic' data-follow-through-start='1' data-follow-through-end='1' data-content-color='#FFF' data-overlay-filter-style='dark' data-overlay-filter-strength='30' data-emphasis-by-space='1' data-enable-overlapping='' data-block-top-spacing='1' data-block-bottom-spacing='0' data-emphasis-top-spacing='0' data-emphasis-bottom-spacing='0' data-anchor=''\t\t>\n\n\t\t\t\n\t\t\t<div class=\"novablocks-doppler__mask  novablocks-doppler__wrapper\">\n\t\t\t\t\n\t\t\t\t\t\t\t<\/div>\n            <div class=\"novablocks-hero__foreground novablocks-doppler__foreground novablocks-u-content-padding novablocks-u-content-align\" style=\"min-height: calc(50 * var(--novablocks-1vh, 1vh)); \">\n                <div class=\"novablocks-hero__inner-container wp-block-group__inner-container novablocks-u-content-width\" style=\"\">\n\t\t\t\t\t\n\n<div class=\"wp-block-group alignwide sm-palette-1 sm-color-signal-0 is-layout-flow wp-block-group-is-layout-flow\" style=\"--novablocks-emphasis-top-spacing:0;--novablocks-emphasis-bottom-spacing:0;--novablocks-block-top-spacing:1;--novablocks-block-bottom-spacing:0;--novablocks-block-zindex:0\" data-palette=\"1\" data-palette-variation=\"11\" data-color-signal=\"0\"><div class=\"wp-block-group__inner-container\">\n<h1 class=\"wp-block-novablocks-headline c-headline has-text-align-center has-larger-font-size\"><span class=\"c-headline__secondary\">Kontakt<\/span> <span class=\"c-headline__primary\"><\/span><\/h1>\n<\/div><\/div>\n\n                <\/div>\n\t\t\t\t            <\/div>\n\n\t\t\t\n        <\/div>\n\n\t\t\n\n\n<h3 class=\"wp-block-heading has-normal-font-size\">Kontakt<\/h3>\n\n\n\n<p class=\"is-style-default\">Ich bin f\u00fcr Sie erreichbar von Montag bis Freitag 10 &#8211; 19 Uhr<br>Falls ich in einer Behandlung bin, rufe ich Sie umgehend zur\u00fcck.<\/p>\n\n\n\n<p>Telefon \/ WhatsApp : 0176 \/ 63175207<br>Email : sandra@4pfotenimglueck.de<\/p>\n\n\n\n<h3 class=\"wp-block-heading has-normal-font-size\">Social Media<\/h3>\n\n\n\n<p class=\"is-style-default\"><a rel=\"noreferrer noopener\" href=\"https:\/\/www.facebook.com\/4PfotenimGlueck\" target=\"_blank\">Facebook<\/a><br><a rel=\"noreferrer noopener\" href=\"https:\/\/instagram.com\/4PfotenimGlueck\/\" target=\"_blank\">Instagram<\/a><\/p>\n","protected":false},"excerpt":{"rendered":"<p>Kontakt Ich bin f\u00fcr Sie erreichbar von Montag bis Freitag 10 &#8211; 19 UhrFalls ich in einer Behandlung bin, rufe ich Sie umgehend zur\u00fcck. Telefon [&hellip;]<\/p>\n","protected":false},"author":2,"featured_media":0,"parent":0,"menu_order":0,"comment_status":"closed","ping_status":"closed","template":"","meta":{"novablocks_hero_scroll_indicator":false,"novablocks_hero_position_indicators":false},"yoast_head":"<!-- This site is optimized with the Yoast SEO plugin v20.8 - https:\/\/yoast.com\/wordpress\/plugins\/seo\/ -->\n<title>Kontakt - 4 Pfoten im Gl\u00fcck<\/title>\n<meta name=\"robots\" content=\"index, follow, max-snippet:-1, max-image-preview:large, max-video-preview:-1\" \/>\n<link rel=\"canonical\" href=\"https:\/\/4pfotenimglueck.de\/index.php\/contact\/\" \/>\n<meta property=\"og:locale\" content=\"de_DE\" \/>\n<meta property=\"og:type\" content=\"article\" \/>\n<meta property=\"og:title\" content=\"Kontakt - 4 Pfoten im Gl\u00fcck\" \/>\n<meta property=\"og:description\" content=\"Kontakt Ich bin f\u00fcr Sie erreichbar von Montag bis Freitag 10 &#8211; 19 UhrFalls ich in einer Behandlung bin, rufe ich Sie umgehend zur\u00fcck. Telefon [&hellip;]\" \/>\n<meta property=\"og:url\" content=\"https:\/\/4pfotenimglueck.de\/index.php\/contact\/\" \/>\n<meta property=\"og:site_name\" content=\"4 Pfoten im Gl\u00fcck\" \/>\n<meta property=\"article:publisher\" content=\"https:\/\/www.facebook.com\/4PfotenimGlueck\" \/>\n<meta property=\"article:modified_time\" content=\"2024-03-15T16:41:44+00:00\" \/>\n<meta property=\"og:image\" content=\"https:\/\/4pfotenimglueck.de\/wp-content\/uploads\/2023\/05\/Logo.png\" \/>\n\t<meta property=\"og:image:width\" content=\"976\" \/>\n\t<meta property=\"og:image:height\" content=\"313\" \/>\n\t<meta property=\"og:image:type\" content=\"image\/png\" \/>\n<meta name=\"twitter:card\" content=\"summary_large_image\" \/>\n<meta name=\"twitter:label1\" content=\"Gesch\u00e4tzte Lesezeit\" \/>\n\t<meta name=\"twitter:data1\" content=\"1\u00a0Minute\" \/>\n<script type=\"application\/ld+json\" class=\"yoast-schema-graph\">{\"@context\":\"https:\/\/schema.org\",\"@graph\":[{\"@type\":\"WebPage\",\"@id\":\"https:\/\/4pfotenimglueck.de\/index.php\/contact\/\",\"url\":\"https:\/\/4pfotenimglueck.de\/index.php\/contact\/\",\"name\":\"Kontakt - 4 Pfoten im Gl\u00fcck\",\"isPartOf\":{\"@id\":\"https:\/\/4pfotenimglueck.de\/#website\"},\"datePublished\":\"2014-05-30T14:17:08+00:00\",\"dateModified\":\"2024-03-15T16:41:44+00:00\",\"breadcrumb\":{\"@id\":\"https:\/\/4pfotenimglueck.de\/index.php\/contact\/#breadcrumb\"},\"inLanguage\":\"de\",\"potentialAction\":[{\"@type\":\"ReadAction\",\"target\":[\"https:\/\/4pfotenimglueck.de\/index.php\/contact\/\"]}]},{\"@type\":\"BreadcrumbList\",\"@id\":\"https:\/\/4pfotenimglueck.de\/index.php\/contact\/#breadcrumb\",\"itemListElement\":[{\"@type\":\"ListItem\",\"position\":1,\"name\":\"Startseite\",\"item\":\"https:\/\/4pfotenimglueck.de\/\"},{\"@type\":\"ListItem\",\"position\":2,\"name\":\"Kontakt\"}]},{\"@type\":\"WebSite\",\"@id\":\"https:\/\/4pfotenimglueck.de\/#website\",\"url\":\"https:\/\/4pfotenimglueck.de\/\",\"name\":\"4 Pfoten im Gl\u00fcck\",\"description\":\"Mobile Hundephysiotherapie &amp; Osteopathie in und um Kaiserslautern\",\"publisher\":{\"@id\":\"https:\/\/4pfotenimglueck.de\/#organization\"},\"potentialAction\":[{\"@type\":\"SearchAction\",\"target\":{\"@type\":\"EntryPoint\",\"urlTemplate\":\"https:\/\/4pfotenimglueck.de\/?s={search_term_string}\"},\"query-input\":\"required name=search_term_string\"}],\"inLanguage\":\"de\"},{\"@type\":\"Organization\",\"@id\":\"https:\/\/4pfotenimglueck.de\/#organization\",\"name\":\"4 Pfoten im Gl\u00fcck\",\"url\":\"https:\/\/4pfotenimglueck.de\/\",\"logo\":{\"@type\":\"ImageObject\",\"inLanguage\":\"de\",\"@id\":\"https:\/\/4pfotenimglueck.de\/#\/schema\/logo\/image\/\",\"url\":\"https:\/\/4pfotenimglueck.de\/wp-content\/uploads\/2023\/05\/Logo.png\",\"contentUrl\":\"https:\/\/4pfotenimglueck.de\/wp-content\/uploads\/2023\/05\/Logo.png\",\"width\":976,\"height\":313,\"caption\":\"4 Pfoten im Gl\u00fcck\"},\"image\":{\"@id\":\"https:\/\/4pfotenimglueck.de\/#\/schema\/logo\/image\/\"},\"sameAs\":[\"https:\/\/www.facebook.com\/4PfotenimGlueck\",\"https:\/\/instagram.com\/4PfotenimGlueck\/\"]}]}<\/script>\n<!-- \/ Yoast SEO plugin. -->","yoast_head_json":{"title":"Kontakt - 4 Pfoten im Gl\u00fcck","robots":{"index":"index","follow":"follow","max-snippet":"max-snippet:-1","max-image-preview":"max-image-preview:large","max-video-preview":"max-video-preview:-1"},"canonical":"https:\/\/4pfotenimglueck.de\/index.php\/contact\/","og_locale":"de_DE","og_type":"article","og_title":"Kontakt - 4 Pfoten im Gl\u00fcck","og_description":"Kontakt Ich bin f\u00fcr Sie erreichbar von Montag bis Freitag 10 &#8211; 19 UhrFalls ich in einer Behandlung bin, rufe ich Sie umgehend zur\u00fcck. Telefon [&hellip;]","og_url":"https:\/\/4pfotenimglueck.de\/index.php\/contact\/","og_site_name":"4 Pfoten im Gl\u00fcck","article_publisher":"https:\/\/www.facebook.com\/4PfotenimGlueck","article_modified_time":"2024-03-15T16:41:44+00:00","og_image":[{"width":976,"height":313,"url":"https:\/\/4pfotenimglueck.de\/wp-content\/uploads\/2023\/05\/Logo.png","type":"image\/png"}],"twitter_card":"summary_large_image","twitter_misc":{"Gesch\u00e4tzte Lesezeit":"1\u00a0Minute"},"schema":{"@context":"https:\/\/schema.org","@graph":[{"@type":"WebPage","@id":"https:\/\/4pfotenimglueck.de\/index.php\/contact\/","url":"https:\/\/4pfotenimglueck.de\/index.php\/contact\/","name":"Kontakt - 4 Pfoten im Gl\u00fcck","isPartOf":{"@id":"https:\/\/4pfotenimglueck.de\/#website"},"datePublished":"2014-05-30T14:17:08+00:00","dateModified":"2024-03-15T16:41:44+00:00","breadcrumb":{"@id":"https:\/\/4pfotenimglueck.de\/index.php\/contact\/#breadcrumb"},"inLanguage":"de","potentialAction":[{"@type":"ReadAction","target":["https:\/\/4pfotenimglueck.de\/index.php\/contact\/"]}]},{"@type":"BreadcrumbList","@id":"https:\/\/4pfotenimglueck.de\/index.php\/contact\/#breadcrumb","itemListElement":[{"@type":"ListItem","position":1,"name":"Startseite","item":"https:\/\/4pfotenimglueck.de\/"},{"@type":"ListItem","position":2,"name":"Kontakt"}]},{"@type":"WebSite","@id":"https:\/\/4pfotenimglueck.de\/#website","url":"https:\/\/4pfotenimglueck.de\/","name":"4 Pfoten im Gl\u00fcck","description":"Mobile Hundephysiotherapie &amp; Osteopathie in und um Kaiserslautern","publisher":{"@id":"https:\/\/4pfotenimglueck.de\/#organization"},"potentialAction":[{"@type":"SearchAction","target":{"@type":"EntryPoint","urlTemplate":"https:\/\/4pfotenimglueck.de\/?s={search_term_string}"},"query-input":"required name=search_term_string"}],"inLanguage":"de"},{"@type":"Organization","@id":"https:\/\/4pfotenimglueck.de\/#organization","name":"4 Pfoten im Gl\u00fcck","url":"https:\/\/4pfotenimglueck.de\/","logo":{"@type":"ImageObject","inLanguage":"de","@id":"https:\/\/4pfotenimglueck.de\/#\/schema\/logo\/image\/","url":"https:\/\/4pfotenimglueck.de\/wp-content\/uploads\/2023\/05\/Logo.png","contentUrl":"https:\/\/4pfotenimglueck.de\/wp-content\/uploads\/2023\/05\/Logo.png","width":976,"height":313,"caption":"4 Pfoten im Gl\u00fcck"},"image":{"@id":"https:\/\/4pfotenimglueck.de\/#\/schema\/logo\/image\/"},"sameAs":["https:\/\/www.facebook.com\/4PfotenimGlueck","https:\/\/instagram.com\/4PfotenimGlueck\/"]}]}},"_links":{"self":[{"href":"https:\/\/4pfotenimglueck.de\/index.php\/wp-json\/wp\/v2\/pages\/116"}],"collection":[{"href":"https:\/\/4pfotenimglueck.de\/index.php\/wp-json\/wp\/v2\/pages"}],"about":[{"href":"https:\/\/4pfotenimglueck.de\/index.php\/wp-json\/wp\/v2\/types\/page"}],"author":[{"embeddable":true,"href":"https:\/\/4pfotenimglueck.de\/index.php\/wp-json\/wp\/v2\/users\/2"}],"replies":[{"embeddable":true,"href":"https:\/\/4pfotenimglueck.de\/index.php\/wp-json\/wp\/v2\/comments?post=116"}],"version-history":[{"count":8,"href":"https:\/\/4pfotenimglueck.de\/index.php\/wp-json\/wp\/v2\/pages\/116\/revisions"}],"predecessor-version":[{"id":2080,"href":"https:\/\/4pfotenimglueck.de\/index.php\/wp-json\/wp\/v2\/pages\/116\/revisions\/2080"}],"wp:attachment":[{"href":"https:\/\/4pfotenimglueck.de\/index.php\/wp-json\/wp\/v2\/media?parent=116"}],"curies":[{"name":"wp","href":"https:\/\/api.w.org\/{rel}","templated":true}]}}